{"id":291,"date":"2023-10-17T17:43:23","date_gmt":"2023-10-17T14:43:23","guid":{"rendered":"https:\/\/demirsan.com\/?page_id=291"},"modified":"2023-10-17T17:46:08","modified_gmt":"2023-10-17T14:46:08","slug":"aydinlatma-metni","status":"publish","type":"page","link":"https:\/\/demirsan.com\/en\/aydinlatma-metni\/","title":{"rendered":"CLARIFICATION TEXT"},"content":{"rendered":"<div data-elementor-type=\"wp-page\" data-elementor-id=\"291\" class=\"elementor elementor-291\" data-elementor-post-type=\"page\">\n\t\t\t\t<div class=\"elementor-element elementor-element-385ffd22 e-flex e-con-boxed e-con e-parent\" data-id=\"385ffd22\" data-element_type=\"container\" data-e-type=\"container\">\n\t\t\t\t\t<div class=\"e-con-inner\">\n\t\t\t\t<div class=\"elementor-element elementor-element-605435f0 elementor-widget elementor-widget-text-editor\" data-id=\"605435f0\" data-element_type=\"widget\" data-e-type=\"widget\" data-widget_type=\"text-editor.default\">\n\t\t\t\t<div class=\"elementor-widget-container\">\n\t\t\t\t\t\t\t\t\t<p><strong>Demirsan So\u011fuk \u00c7ekme Sanayi ve Ticaret Anonim \u015eirketi Ki\u015fisel Verilerin Korunmas\u0131 Hakk\u0131nda Bilgilendirme Metni<\/strong><\/p>\n<p><strong>1. Veri Sorumlusu ve Temsilcisi:<\/strong> \u015eirketimize ait t\u00fcm i\u015fyerleri, i\u015f ortaklar\u0131m\u0131z, dan\u0131\u015fmanlar\u0131m\u0131z nezdindeki g\u00f6revliler taraf\u0131ndan \u015firketimiz ad\u0131na al\u0131nan ki\u015fisel verileriniz i\u00e7in &#8220;veri sorumlusu&#8221; Demirsan So\u011fuk \u00c7ekme Sanayi ve Ticaret Anonim \u015eirketi\u2019dir.<\/p>\n<p><strong>2. Ki\u015fisel Verilerin Toplanma Y\u00f6ntemi:<\/strong> Ki\u015fisel verileriniz, \u015firketimize ait t\u00fcm i\u015fyerleri ve t\u00fcm ba\u011fl\u0131 i\u015f birimleri, internet sitesi, sosyal medya hesaplar\u0131, entegrasyon sistemleri, \u015firketimizin faaliyetlerinin tamamlay\u0131c\u0131s\u0131 veya uzant\u0131s\u0131 niteli\u011findeki hizmetleri ald\u0131\u011f\u0131 taraflar, anla\u015fmal\u0131 kurulu\u015flar, i\u015f ortaklar\u0131, tedarik\u00e7iler vas\u0131tas\u0131yla ve benzeri di\u011fer kanallar\u0131 arac\u0131l\u0131\u011f\u0131yla otomatik veya otomatik olmayan yollarla, yaz\u0131l\u0131, s\u00f6zl\u00fc veya elektronik ortamda toplanabilmektedir.<\/p>\n<p><strong>3. Ki\u015fisel Verileri Toplaman\u0131n Hukuki Sebepleri ve \u0130\u015fleme Ama\u00e7lar\u0131:<\/strong><\/p>\n<p><em><strong>Ziyaret\u00e7i Verileri:<\/strong><\/em> \u015eirketimize ait t\u00fcm i\u015fyerleri ve di\u011fer birimlerimizde g\u00fcvenlik amac\u0131yla kamera kayd\u0131 al\u0131nmaktad\u0131r. G\u00fcvenlik amac\u0131yla, \u015firketimize ait t\u00fcm i\u015fyerleri ve di\u011fer birimlerimize gelen ziyaret\u00e7ilerin ad-soyad, ara\u00e7 plaka no.su ve T.C. kimlik\/pasaport no\/ehliyet no.su, giri\u015f-\u00e7\u0131k\u0131\u015f saatleri, kimlerle g\u00f6r\u00fc\u015fecekleri bilgileri al\u0131nmakta ve kaydedilmektedir.<\/p>\n<p><em><strong>Ticari \u0130\u015f \u0130li\u015fkisi Kapsam\u0131nda Al\u0131nan Taraf ve Tedarik\u00e7i Verileri:<\/strong><\/em> \u015eirketimizin \u00fc\u00e7\u00fcnc\u00fc \u015fah\u0131slarla olan mal ve hizmet al\u0131m\u0131, kiralama vb. ticari i\u015f ili\u015fkisi kapsam\u0131nda taraflar\u0131n(temsilcilerinin\/personelinin) ve ilgililerin ad-soyad, T.C. kimlik no, kimlik belgesi, imza sirk\u00fcleri, ileti\u015fim bilgileri, unvan\/i\u015f b\u00f6l\u00fcm\u00fc, yeterlilik belgesi, meslek odas\u0131 bilgisi gibi gerekli mesleki bilgileri ve durumun niteli\u011fine g\u00f6re plaka no. bilgisi, hesap no. gibi finansal bilgileri, ta\u015f\u0131nmaz tapusu gibi malvarl\u0131\u011f\u0131 bilgileri s\u00f6zle\u015fmenin m\u00fczakeresi, kurulmas\u0131, ifas\u0131 ve ispat\u0131 amac\u0131yla al\u0131nabilmektedir.<\/p>\n<p>***Ki\u015fisel verileriniz, \u015firketimizin hizmetlerinin verilebilmesi, bunlara dair i\u015flemlerin yerine getirilmesi, y\u00fcr\u00fct\u00fclmesi, ifas\u0131, ispat\u0131 ve geli\u015ftirilebilmesi, \u015firketimiz faaliyetlerinin y\u00fcr\u00fct\u00fclebilmesi, \u015firketimizin hizmetlerinden faydalanman\u0131z i\u00e7in gerekli \u00e7al\u0131\u015fmalar\u0131n ilgili birimlerce yap\u0131lmas\u0131, \u015firketimizin tan\u0131t\u0131lmas\u0131, \u015firketimiz taraf\u0131ndan sunulan \u00fcr\u00fcn ve hizmetlerden ilgili ki\u015filerin faydalanmas\u0131, yasal y\u00fck\u00fcml\u00fcl\u00fcklerin kar\u015f\u0131lanmas\u0131, listeleme, raporlama, do\u011frulama, analiz ve de\u011ferlendirmeler yap\u0131lmas\u0131, \u0130statistiki ve bilimsel bilgiler \u00fcretilmesi, \u015firketimizin hizmetlerinin ve akdetti\u011fimiz s\u00f6zle\u015fmelerin yerine getirilmesi, y\u00fcr\u00fct\u00fclmesi, ifas\u0131, ispat\u0131 ve geli\u015ftirilebilmesi i\u00e7in \u015firketimizin ticari ve i\u015f stratejilerinin belirlenmesi ve uygulanmas\u0131 amac\u0131 do\u011frultusunda; \u015firketimiz taraf\u0131ndan y\u00fcr\u00fct\u00fclen finans operasyonlar\u0131, ileti\u015fim, pazar ara\u015ft\u0131rmas\u0131 ve sosyal sorumluluk aktiviteleri, sat\u0131n alma operasyonlar\u0131 (talep, teklif, de\u011ferlendirme, sipari\u015f, b\u00fct\u00e7elendirme, s\u00f6zle\u015fme), \u015firket i\u00e7i sistem ve uygulama y\u00f6netimi operasyonlar\u0131, hukuki operasyonlar\u0131n y\u00f6netimi amac\u0131yla ki\u015fisel verileriniz i\u015flenmektedir.<\/p>\n<p><strong>4. Ki\u015fisel Verilerin Aktar\u0131labilece\u011fi Ki\u015fi\/Kurulu\u015flar:<\/strong> Yukar\u0131da belirtilen ama\u00e7lar do\u011frultusunda ki\u015fisel verileriniz; \u015firketimizin i\u015ftirakleri ve bunlar\u0131n alt kurulu\u015flar\u0131na, \u00e7al\u0131\u015fanlar\u0131, \u015firket g\u00f6revlileri, hukuk, mali ve vergi dan\u0131\u015fmanlar\u0131, denet\u00e7ileri, \u015firketimizin faaliyetlerinin tamamlay\u0131c\u0131s\u0131 veya uzant\u0131s\u0131 niteli\u011findeki hizmetleri ald\u0131\u011f\u0131, i\u015fbirli\u011fi yapt\u0131\u011f\u0131 dan\u0131\u015fmanlar, tedarik\u00e7i, ifa yard\u0131mc\u0131lar\u0131, banka ve finans kurulu\u015flar\u0131; yasal merciler, yarg\u0131 mercileri, idari merciler gibi yetkili kamu kurum ve kurulu\u015flara, mevzuat h\u00fck\u00fcmlerinin izin verdi\u011fi ki\u015fi veya r\u0131zan\u0131z\u0131n bulundu\u011fu kurum ve kurulu\u015flara ki\u015fisel verinin t\u00fcr\u00fcne ba\u011fl\u0131 ve ama\u00e7la s\u0131n\u0131rl\u0131 olarak yasal \u00e7er\u00e7eve i\u00e7erisinde aktar\u0131labilecektir.<\/p>\n<p><strong>5. Ki\u015fisel Veri Sahibinin Haklar\u0131:<\/strong> KVKK\u2019n\u0131n 11. maddesi uyar\u0131nca ki\u015fisel verilerinizle ilgili olarak a\u015fa\u011f\u0131daki haklara sahipsiniz:<\/p>\n<ul>\n<li>Ki\u015fisel veri i\u015flenip i\u015flenmedi\u011fini \u00f6\u011frenme,<\/li>\n<li>Ki\u015fisel veriler i\u015flenmi\u015fse buna ili\u015fkin bilgi talep etme,<\/li>\n<li>Ki\u015fisel verilerin i\u015flenme amac\u0131n\u0131 ve bunlar\u0131n amac\u0131na uygun kullan\u0131l\u0131p kullan\u0131lmad\u0131\u011f\u0131n\u0131 \u00f6\u011frenme,<\/li>\n<li>Yurt i\u00e7inde veya yurt d\u0131\u015f\u0131nda ki\u015fisel verilerin aktar\u0131ld\u0131\u011f\u0131 \u00fc\u00e7\u00fcnc\u00fc ki\u015fileri bilme,<\/li>\n<li>Ki\u015fisel verilerin eksik veya yanl\u0131\u015f i\u015flenmi\u015f olmas\u0131 h\u00e2linde bunlar\u0131n d\u00fczeltilmesini isteme, yap\u0131lan i\u015flemlerin, ki\u015fisel verilerin aktar\u0131ld\u0131\u011f\u0131 \u00fc\u00e7\u00fcnc\u00fc ki\u015filere bildirilmesini isteme,<\/li>\n<li>KVKK\u2019da \u00f6ng\u00f6r\u00fclen \u015fartlar \u00e7er\u00e7evesinde ki\u015fisel verilerin silinmesini veya yok edilmesini isteme, yap\u0131lan i\u015flemlerin, ki\u015fisel verilerin aktar\u0131ld\u0131\u011f\u0131 \u00fc\u00e7\u00fcnc\u00fc ki\u015filere bildirilmesini isteme,<\/li>\n<li>\u0130\u015flenen verilerin m\u00fcnhas\u0131ran otomatik sistemler vas\u0131tas\u0131yla analiz edilmesi suretiyle ki\u015finin kendisi aleyhine bir sonucun ortaya \u00e7\u0131kmas\u0131na itiraz etme,<\/li>\n<li>Ki\u015fisel verilerin kanuna ayk\u0131r\u0131 olarak i\u015flenmesi sebebiyle zarara u\u011franmas\u0131 h\u00e2linde zarar\u0131n giderilmesini talep etme.<\/li>\n<\/ul>\n<p><strong>Ba\u015fvurularla ilgili detayl\u0131 bilgiye KVKK ba\u015fvuru formundan ula\u015fabilirsiniz.<\/strong><\/p>\t\t\t\t\t\t\t\t<\/div>\n\t\t\t\t<\/div>\n\t\t\t\t\t<\/div>\n\t\t\t\t<\/div>\n\t\t\t\t<\/div>","protected":false},"excerpt":{"rendered":"<p>Demirsan So\u011fuk \u00c7ekme Sanayi ve Ticaret Anonim \u015eirketi Ki\u015fisel Verilerin Korunmas\u0131 Hakk\u0131nda Bilgilendirme Metni 1. Veri Sorumlusu ve Temsilcisi: \u015eirketimize ait t\u00fcm i\u015fyerleri, i\u015f ortaklar\u0131m\u0131z, dan\u0131\u015fmanlar\u0131m\u0131z nezdindeki g\u00f6revliler taraf\u0131ndan \u015firketimiz ad\u0131na al\u0131nan ki\u015fisel verileriniz i\u00e7in &#8220;veri sorumlusu&#8221; Demirsan So\u011fuk \u00c7ekme Sanayi ve Ticaret Anonim \u015eirketi\u2019dir. 2. Ki\u015fisel Verilerin Toplanma Y\u00f6ntemi: Ki\u015fisel verileriniz, \u015firketimize ait t\u00fcm [&hellip;]<\/p>\n","protected":false},"author":1,"featured_media":0,"parent":0,"menu_order":0,"comment_status":"closed","ping_status":"closed","template":"","meta":{"footnotes":""},"class_list":["post-291","page","type-page","status-publish","hentry"],"_links":{"self":[{"href":"https:\/\/demirsan.com\/en\/wp-json\/wp\/v2\/pages\/291","targetHints":{"allow":["GET"]}}],"collection":[{"href":"https:\/\/demirsan.com\/en\/wp-json\/wp\/v2\/pages"}],"about":[{"href":"https:\/\/demirsan.com\/en\/wp-json\/wp\/v2\/types\/page"}],"author":[{"embeddable":true,"href":"https:\/\/demirsan.com\/en\/wp-json\/wp\/v2\/users\/1"}],"replies":[{"embeddable":true,"href":"https:\/\/demirsan.com\/en\/wp-json\/wp\/v2\/comments?post=291"}],"version-history":[{"count":4,"href":"https:\/\/demirsan.com\/en\/wp-json\/wp\/v2\/pages\/291\/revisions"}],"predecessor-version":[{"id":296,"href":"https:\/\/demirsan.com\/en\/wp-json\/wp\/v2\/pages\/291\/revisions\/296"}],"wp:attachment":[{"href":"https:\/\/demirsan.com\/en\/wp-json\/wp\/v2\/media?parent=291"}],"curies":[{"name":"wp","href":"https:\/\/api.w.org\/{rel}","templated":true}]}}