{"id":3,"date":"2023-10-17T11:25:22","date_gmt":"2023-10-17T08:25:22","guid":{"rendered":"https:\/\/demirsan.com\/?page_id=3"},"modified":"2023-10-17T17:59:13","modified_gmt":"2023-10-17T14:59:13","slug":"gizlilik-politikamiz","status":"publish","type":"page","link":"https:\/\/demirsan.com\/en\/gizlilik-politikamiz\/","title":{"rendered":"PRIVACY POLICY"},"content":{"rendered":"<p>\u0130\u015fbu Gizlilik Politikas\u0131&#8217;n\u0131n amac\u0131, Demirsan So\u011fuk \u00c7ekme Sanayi ve Ticaret Anonim \u015eirketi taraf\u0131ndan i\u015fletilen <a href=\"https:\/\/demirsan.com\/en\/\">https:\/\/www.demirsan.com<\/a> internet sitesinin (&#8220;Site&#8221;) i\u015fletilmesi s\u0131ras\u0131nda Site kullan\u0131c\u0131lar\u0131\/\u00fcyeleri\/ziyaret\u00e7ileri (&#8220;Veri Sahibi&#8221;) taraf\u0131ndan \u015eirket ile payla\u015f\u0131lan veya \u015eirketin, Veri Sahibi&#8217;nin Site&#8217;yi kullan\u0131m\u0131 s\u0131ras\u0131nda \u00fcretti\u011fi ki\u015fisel verilerin kullan\u0131m\u0131na ili\u015fkin ko\u015ful ve \u015fartlar\u0131 tespit etmektir. Veri Sahibi, i\u015fbu Gizlilik Politikas\u0131 ile ki\u015fisel verilerinin i\u015flenmesine ili\u015fkin olarak ayd\u0131nlat\u0131lm\u0131\u015f oldu\u011funu ve ki\u015fisel verilerinin burada belirtilen \u015fekilde kullan\u0131m\u0131na muvafakat etti\u011fini beyan eder.<\/p>\n\n\n\n<p><strong>Hangi Veriler \u0130\u015flenmektedir?<\/strong><\/p>\n\n\n\n<p>\u0130\u015fbu ba\u015fl\u0131k alt\u0131nda, \u015eirket taraf\u0131ndan i\u015flenen ve Ki\u015fisel Verilerin Korunmas\u0131 Kanunu uyar\u0131nca ki\u015fisel veri say\u0131lan verilerin hangileri oldu\u011fu s\u0131ralanm\u0131\u015ft\u0131r. Aksi a\u00e7\u0131k\u00e7a belirtilmedik\u00e7e, i\u015fbu Gizlilik Politikas\u0131 kapsam\u0131nda arz edilen h\u00fck\u00fcm ve ko\u015fullar kapsam\u0131nda &#8220;ki\u015fisel veri&#8221; ifadesi a\u015fa\u011f\u0131da yer alan bilgileri kapsayacakt\u0131r:<\/p>\n\n\n\n<ul class=\"wp-block-list\">\n<li>\u0130leti\u015fim Formu &#8211; Konusu\/Nedeni<\/li>\n\n\n\n<li>\u0130leti\u015fim Formu &#8211; \u0130leti\u015fim Bilgileri\n<ul class=\"wp-block-list\">\n<li>Ad\u0131 Soyad\u0131<\/li>\n\n\n\n<li>E-Posta Adresi<\/li>\n\n\n\n<li>Telefonu<\/li>\n<\/ul>\n<\/li>\n\n\n\n<li>\u0130leti\u015fim Formu &#8211; Talep Metni<\/li>\n<\/ul>\n\n\n\n<p>Ki\u015fisel Verilerin Korunmas\u0131 Kanunu&#8217;nun 3. ve 7. maddeleri dairesince, geri d\u00f6nd\u00fcr\u00fclemeyecek \u015fekilde anonim hale getirilen veriler, an\u0131lan kanun h\u00fck\u00fcmleri uyar\u0131nca ki\u015fisel veri olarak kabul edilmeyecek ve bu verilere ili\u015fkin i\u015fleme faaliyetleri i\u015fbu Gizlilik Politikas\u0131 h\u00fck\u00fcmleri ile ba\u011fl\u0131 olmaks\u0131z\u0131n ger\u00e7ekle\u015ftirecektir. Ayr\u0131ca <a href=\"https:\/\/demirsan.com\/en\/\">https:\/\/www.demirsan.com<\/a> resmi internet sitesi b\u00fcnyesinde \u00e7erezlere ili\u015fkin bilgilendirme kapsam\u0131nda internet sitesi ziyaret\u00e7ilerinin IP adresleri ve elektronik posta adresleri 6698 say\u0131l\u0131 KVKK kapsam\u0131ndaki y\u00fck\u00fcml\u00fcl\u00fckler \u00e7er\u00e7evesinde \u015eirket taraf\u0131ndan korunacakt\u0131r.<\/p>\n\n\n\n<p><strong>Verilere Kimler Eri\u015febilmektedir?<\/strong><\/p>\n\n\n\n<p>\u015eirket, Veri Sahibi&#8217;ne ait ki\u015fisel verileri ve bu ki\u015fisel verileri kullan\u0131larak elde etti\u011fi yeni verileri, Veri Sahibi&#8217;ne i\u015fbu Gizlilik Politikas\u0131 ile belirtti\u011fi ama\u00e7lar\u0131n ger\u00e7ekle\u015ftirilebilmesi i\u00e7in grup \u015firketine (Demir Raf ve Stand Sanayi Limited \u015eirketi) i\u015f ortaklar\u0131na, hissedarlar\u0131na, tedarik\u00e7ilerine, \u015eirket yetkililerine, Demirsan So\u011fuk \u00c7ekme Sanayi ve Ticaret Anonim \u015eirketi s\u00f6z konusu hizmetlerin temini amac\u0131yla s\u0131n\u0131rl\u0131 olmak \u00fczere aktar\u0131labilecektir. \u015eirket, Veri Sahibi deneyiminin geli\u015ftirilmesi (iyile\u015ftirme ve ki\u015fiselle\u015ftirme d\u00e2hil), Veri Sahibi&#8217;nin g\u00fcvenli\u011fini sa\u011flamak, hileli ya da izinsiz kullan\u0131mlar\u0131 tespit etmek, operasyonel de\u011ferlendirme ara\u015ft\u0131r\u0131lmas\u0131, Site hizmetlerine ili\u015fkin hatalar\u0131n giderilmesi ve i\u015fbu Gizlilik Politikas\u0131&#8217;nda yer alan ama\u00e7lardan herhangi birisini ger\u00e7ekle\u015ftirebilmek i\u00e7in SMS g\u00f6nderimi yapanlar da dahil olmak \u00fczere d\u0131\u015f kaynak hizmet sa\u011flay\u0131c\u0131lar\u0131, bar\u0131nd\u0131rma hizmet sa\u011flay\u0131c\u0131lar\u0131 (hosting servisleri), hukuk b\u00fcrolar\u0131, \u00e7a\u011fr\u0131 merkezleri gibi \u00fc\u00e7\u00fcnc\u00fc ki\u015filer ile payla\u015fabilecektir. Veri Sahibi, yukar\u0131da belirtilen ama\u00e7larla s\u0131n\u0131rl\u0131 olmak kayd\u0131 ile bahsi ge\u00e7en \u00fc\u00e7\u00fcnc\u00fc taraflar\u0131n Veri Sahibi&#8217;nin ki\u015fisel verilerini d\u00fcnyan\u0131n her yerindeki sunucular\u0131nda saklayabilece\u011fini, bu hususa pe\u015finen muvafak etti\u011fini kabul eder.<\/p>\n\n\n\n<p><strong>Veri Sahibi Haklar\u0131 ve D\u00fczeltme Talepleri<\/strong><\/p>\n\n\n\n<p>Veri Sahibi, ki\u015fisel verilerine ili\u015fkin \u00e7e\u015fitli haklara sahiptir. \u015eirket, Veri Sahibi&#8217;nin bu haklar\u0131n\u0131 kullanabilmesi i\u00e7in gerekli kolayl\u0131\u011f\u0131 sa\u011flamay\u0131 taahh\u00fct eder. Veri Sahibi, ki\u015fisel verileri ile ilgili olarak a\u015fa\u011f\u0131daki haklara sahiptir:<\/p>\n\n\n\n<ul class=\"wp-block-list\">\n<li>Ki\u015fisel veri i\u015flenip i\u015flenmedi\u011fini \u00f6\u011frenme<\/li>\n\n\n\n<li>Ki\u015fisel verileri i\u015flenmi\u015fse buna ili\u015fkin bilgi talep etme<\/li>\n\n\n\n<li>Ki\u015fisel verilerin i\u015flenme amac\u0131n\u0131 ve bunlar\u0131n amac\u0131na uygun kullan\u0131l\u0131p kullan\u0131lmad\u0131\u011f\u0131n\u0131 \u00f6\u011frenme<\/li>\n\n\n\n<li>Yurt i\u00e7inde veya yurt d\u0131\u015f\u0131nda ki\u015fisel verilerin aktar\u0131ld\u0131\u011f\u0131 \u00fc\u00e7\u00fcnc\u00fc ki\u015fileri bilme<\/li>\n\n\n\n<li>Ki\u015fisel verilerin eksik veya yanl\u0131\u015f i\u015flenmi\u015f olmas\u0131 halinde bunlar\u0131n d\u00fczeltilmesini isteme<\/li>\n\n\n\n<li>\u0130lgili mevzuatta \u00f6ng\u00f6r\u00fclen \u015fartlar \u00e7er\u00e7evesinde ki\u015fisel verilerin silinmesini veya yok edilmesini isteme<\/li>\n\n\n\n<li>\u0130lgili mevzuat uyar\u0131nca yap\u0131lan d\u00fczeltme, silme ve yok edilme i\u015flemlerinin, ki\u015fisel verilerin aktar\u0131ld\u0131\u011f\u0131 \u00fc\u00e7\u00fcnc\u00fc ki\u015filere bildirilmesini isteme<\/li>\n\n\n\n<li>\u0130\u015flenen verilerin m\u00fcnhas\u0131ran otomatik sistemler vas\u0131tas\u0131yla analiz edilmesi suretiyle ki\u015finin kendisi aleyhine bir sonucun ortaya \u00e7\u0131kmas\u0131na itiraz etme<\/li>\n\n\n\n<li>Ki\u015fisel verilerin kanuna ayk\u0131r\u0131 olarak i\u015flenmesi sebebiyle zarara u\u011framas\u0131 halinde zarar\u0131n giderilmesini talep etme<\/li>\n<\/ul>\n\n\n\n<p>Veri Sahibi, bu haklar\u0131 kullanmak i\u00e7in &#8220;Ki\u015fisel Veri Sahibi Taraf\u0131ndan Veri Sorumlusuna Yap\u0131lacak Ba\u015fvurulara ili\u015fkin Form&#8221;u kullanabilir. Bu do\u011frultuda yap\u0131lacak ba\u015fvurulara en ge\u00e7 30 (otuz) g\u00fcn i\u00e7erisinde cevap verilmektedir.<\/p>\n\n\n\n<p>Veri Sahibi, i\u015fbu Gizlilik Politikas\u0131&#8217;na konu bilgilerinin tam, do\u011fru ve g\u00fcncel oldu\u011funu, bu bilgilerde herhangi bir de\u011fi\u015fiklik olmas\u0131 halinde bunlar\u0131 derhal g\u00fcncelleyece\u011fini taahh\u00fct eder. Veri Sahibi&#8217;nin g\u00fcncel bilgileri sa\u011flamam\u0131\u015f olmas\u0131 halinde \u015eirket&#8217;in herhangi bir sorumlulu\u011fu olmayacakt\u0131r. Veri Sahibi, herhangi bir ki\u015fisel verisinin \u015eirket taraf\u0131ndan kullan\u0131lamamas\u0131 ile sonu\u00e7lanacak bir talepte bulunmas\u0131 halinde Site&#8217;nin i\u015fleyi\u015finden tam olarak faydalanamayabilece\u011fini kabul ile bu kapsamda do\u011facak her t\u00fcrl\u00fc sorumlulu\u011fun kendisine ait olaca\u011f\u0131n\u0131 beyan eder.<\/p>\n\n\n\n<p><strong>Ki\u015fisel Verilerin Saklama S\u00fcresi<\/strong><\/p>\n\n\n\n<p>\u015eirket, Veri Sahibi taraf\u0131ndan sa\u011flanan ki\u015fisel verileri, yukar\u0131da belirtilen i\u015fleme ama\u00e7lar\u0131n\u0131n gerektirdi\u011fi s\u00fcre boyunca saklayacakt\u0131r. Buna ek olarak, \u015eirket, Veri Sahibi ile aras\u0131nda do\u011fabilecek herhangi bir uyu\u015fmazl\u0131k durumunda, uyu\u015fmazl\u0131k kapsam\u0131nda gerekli savunmalar\u0131n ger\u00e7ekle\u015ftirilebilmesi amac\u0131yla s\u0131n\u0131rl\u0131 olmak \u00fczere ve ilgili mevzuat uyar\u0131nca belirlenen zamana\u015f\u0131m\u0131 s\u00fcreleri boyunca ki\u015fisel verileri saklayabilecektir.<\/p>\n\n\n\n<p><strong>Veri G\u00fcvenli\u011fine \u0130li\u015fkin \u00d6nlemler ve Taahh\u00fctler<\/strong><\/p>\n\n\n\n<p>\u015eirket, ilgili mevzuatta belirlenen veya i\u015fbu Gizlilik Politikas\u0131&#8217;nda ifade edilen \u015fartlarda:<\/p>\n\n\n\n<ul class=\"wp-block-list\">\n<li>Ki\u015fisel verilerin hukuka ayk\u0131r\u0131 olarak i\u015flenmemesini<\/li>\n\n\n\n<li>Ki\u015fisel verilere hukuka ayk\u0131r\u0131 olarak eri\u015filmemesini<\/li>\n\n\n\n<li>Ki\u015fisel verilerin muhafazas\u0131n\u0131<\/li>\n<\/ul>\n\n\n\n<p>sa\u011flamak amac\u0131yla uygun g\u00fcvenlik d\u00fczeyini temin etmeye y\u00f6nelik gerekli teknik ve idari tedbirleri almay\u0131, gerekli denetimleri yapt\u0131rmay\u0131 taahh\u00fct eder. \u015eirket, Veri Sahibi hakk\u0131nda elde etti\u011fi ki\u015fisel verileri i\u015fbu Gizlilik Politikas\u0131 ve Ki\u015fisel Verilerin Korunmas\u0131 Kanunu h\u00fck\u00fcmlerine ayk\u0131r\u0131 olarak ba\u015fkas\u0131na a\u00e7\u0131klayamaz ve i\u015fleme amac\u0131 d\u0131\u015f\u0131nda kullanamaz. Site \u00fczerinden ba\u015fka uygulamalara link verilmesi halinde, \u015eirket uygulamalar\u0131n gizlilik politikalar\u0131 ve i\u00e7eriklerine y\u00f6nelik herhangi bir sorumluluk ta\u015f\u0131mamaktad\u0131r.<\/p>\n\n\n\n<p><strong>Gizlilik Politikas\u0131&#8217;ndaki De\u011fi\u015fiklikler<\/strong><\/p>\n\n\n\n<p>\u015eirket, i\u015fbu Gizlilik Politikas\u0131 h\u00fck\u00fcmlerini diledi\u011fi zaman de\u011fi\u015ftirebilir. G\u00fcncel Gizlilik Politikas\u0131, Veri Sahibi&#8217;ne herhangi bir y\u00f6ntemle sunuldu\u011fu tarihte y\u00fcr\u00fcrl\u00fck kazan\u0131r.<\/p>\n\n\n\n<p>Bu metin, veri gizlili\u011fi ve ki\u015fisel verilerin i\u015flenmesine ili\u015fkin temel bilgileri i\u00e7ermektedir. \u0130stedi\u011finiz takdirde daha fazla detay ekleyebilir veya \u00f6zel gereksinimlere g\u00f6re d\u00fczenleyebilirsiniz. Ayr\u0131ca, bu metni d\u00fczenlerken yerel yasal gereksinimlere ve d\u00fczenlemelere uygun olmas\u0131na dikkat etmek \u00f6nemlidir. Ki\u015fisel veri i\u015fleme faaliyetleriniz ve politikan\u0131z hakk\u0131nda ba\u011f\u0131ms\u0131z bir hukuk uzman\u0131ndan tavsiye alman\u0131z da faydal\u0131 olacakt\u0131r.<\/p>","protected":false},"excerpt":{"rendered":"<p>\u0130\u015fbu Gizlilik Politikas\u0131&#8217;n\u0131n amac\u0131, Demirsan So\u011fuk \u00c7ekme Sanayi ve Ticaret Anonim \u015eirketi taraf\u0131ndan i\u015fletilen https:\/\/www.demirsan.com internet sitesinin (&#8220;Site&#8221;) i\u015fletilmesi s\u0131ras\u0131nda Site kullan\u0131c\u0131lar\u0131\/\u00fcyeleri\/ziyaret\u00e7ileri (&#8220;Veri Sahibi&#8221;) taraf\u0131ndan \u015eirket ile payla\u015f\u0131lan veya \u015eirketin, Veri Sahibi&#8217;nin Site&#8217;yi kullan\u0131m\u0131 s\u0131ras\u0131nda \u00fcretti\u011fi ki\u015fisel verilerin kullan\u0131m\u0131na ili\u015fkin ko\u015ful ve \u015fartlar\u0131 tespit etmektir. Veri Sahibi, i\u015fbu Gizlilik Politikas\u0131 ile ki\u015fisel verilerinin i\u015flenmesine ili\u015fkin [&hellip;]<\/p>\n","protected":false},"author":1,"featured_media":0,"parent":0,"menu_order":0,"comment_status":"closed","ping_status":"closed","template":"","meta":{"footnotes":""},"class_list":["post-3","page","type-page","status-publish","hentry"],"_links":{"self":[{"href":"https:\/\/demirsan.com\/en\/wp-json\/wp\/v2\/pages\/3","targetHints":{"allow":["GET"]}}],"collection":[{"href":"https:\/\/demirsan.com\/en\/wp-json\/wp\/v2\/pages"}],"about":[{"href":"https:\/\/demirsan.com\/en\/wp-json\/wp\/v2\/types\/page"}],"author":[{"embeddable":true,"href":"https:\/\/demirsan.com\/en\/wp-json\/wp\/v2\/users\/1"}],"replies":[{"embeddable":true,"href":"https:\/\/demirsan.com\/en\/wp-json\/wp\/v2\/comments?post=3"}],"version-history":[{"count":2,"href":"https:\/\/demirsan.com\/en\/wp-json\/wp\/v2\/pages\/3\/revisions"}],"predecessor-version":[{"id":304,"href":"https:\/\/demirsan.com\/en\/wp-json\/wp\/v2\/pages\/3\/revisions\/304"}],"wp:attachment":[{"href":"https:\/\/demirsan.com\/en\/wp-json\/wp\/v2\/media?parent=3"}],"curies":[{"name":"wp","href":"https:\/\/api.w.org\/{rel}","templated":true}]}}