{"id":302,"date":"2023-10-17T17:58:22","date_gmt":"2023-10-17T14:58:22","guid":{"rendered":"https:\/\/demirsan.com\/?page_id=302"},"modified":"2023-10-17T17:58:22","modified_gmt":"2023-10-17T14:58:22","slug":"acik-riza-metni-aday-calisan","status":"publish","type":"page","link":"https:\/\/demirsan.com\/en\/acik-riza-metni-aday-calisan\/","title":{"rendered":"EXPLICIT CONSENT TEXT CANDIDATE EMPLOYEE"},"content":{"rendered":"<p><strong>K\u0130\u015e\u0130SEL VER\u0130LER\u0130N \u0130\u015eLENMES\u0130NE \u0130L\u0130\u015eK\u0130N \u00c7ALI\u015eAN ADAY A\u00c7IK RIZA BEYANI<\/strong><\/p>\n\n\n\n<p><strong>Demirsan So\u011fuk \u00c7ekme San. Ve Tic. A.\u015e<\/strong> (\u015eirket olarak an\u0131lacakt\u0131r.) taraf\u0131ndan iletilen ayd\u0131nlatma metni ile<br>taraf\u0131ma, i\u015flenecek ki\u015fisel veri kategorileri, i\u015flenecek \u00f6zel nitelikli ki\u015fisel veriler ve di\u011fer t\u00fcm ki\u015fisel veriler<br><strong>(Ad Soyad, medeni hal, do\u011fum tarihi, do\u011fum yeri, e-posta adresi, ileti\u015fim adresi, cep telefonu numaras\u0131,<br>askerlik durumu, referans bilgileri, \u00f6zge\u00e7mi\u015f bilgileri, e\u011fitim ge\u00e7mi\u015fi ve detaylar\u0131, \u00e7al\u0131\u015fma ge\u00e7mi\u015fi ve<br>detaylar\u0131, diploma bilgileri, yabanc\u0131 dil bilgisi, bilgisayar kullan\u0131m bilgisi, pozisyon-unvan bilgisi, engellilik<br>durumu )<\/strong> i\u015flenme ama\u00e7lar\u0131; (Toplanan ki\u015fisel verileriniz, Kanun\u2019da \u00f6ng\u00f6r\u00fclen temel ilkelere uygun olarak ve<br>Kanun\u2019un 5. ve 6. maddelerinde belirtilen ve a\u015fa\u011f\u0131da Veri Kategorileri b\u00f6l\u00fcm\u00fcnde detayl\u0131 olarak a\u00e7\u0131klanan<br>ki\u015fisel veri i\u015fleme \u015fartlar\u0131 dahilinde \u00e7al\u0131\u015fan adaylar\u0131n\u0131n ba\u015fvuru, se\u00e7me ve de\u011ferlendirme s\u00fcre\u00e7lerinin<br>y\u00fcr\u00fct\u00fclmesi, \u00e7al\u0131\u015fan adaylar\u0131n\u0131n yerle\u015ftirilmesi i\u00e7in gerekli i\u00e7 ve d\u0131\u015f ileti\u015fim aktivitelerinin ger\u00e7ekle\u015ftirilmesi<br>ve personel temini veya \u015eirket g\u00fcvenlik s\u00fcre\u00e7leri i\u00e7in referans veya istihbarat aktivitelerinin y\u00fcr\u00fct\u00fclmesi<br>ama\u00e7lar\u0131 ba\u015fta olmak \u00fczere; \u015eirketimizin insan kaynaklar\u0131 politikalar\u0131n\u0131n ve s\u00fcre\u00e7lerinin planlanmas\u0131 ve\/veya<br>icra edilmesi, \u015eirketimizin ve \u015eirketimizle i\u015f ili\u015fkisi i\u00e7erisinde olan ilgili ki\u015filerin hukuki ve teknik g\u00fcvenli\u011finin<br>temini faaliyetlerinin planlanmas\u0131 ve\/veya icras\u0131 ama\u00e7lar\u0131yla (\u201cAma\u00e7lar\u201d) i\u015flenebilecektir.) (Ki\u015fisel<br>verilerinizin \u015eirketimiz taraf\u0131ndan i\u015flenme ama\u00e7lar\u0131 konusunda detayl\u0131 bilgilere www.demirsan.com internet<br>adresinden kamuoyu ile payla\u015f\u0131lm\u0131\u015f olan Demirsan So\u011fuk \u00c7ekme San. Ve Tic. A.\u015e Ki\u015fisel Verilerin<br>Korunmas\u0131 ve \u0130\u015flenmesi Politikas\u0131ndan ula\u015fabilirsiniz.) aktar\u0131laca\u011f\u0131 ki\u015filer (Toplanan ki\u015fisel verileriniz,<br>Kanun\u2019un 8. ve 9. maddelerinde belirtilen ki\u015fisel veri i\u015fleme \u015fartlar\u0131na uygun olarak Ama\u00e7lar\u2019\u0131n<br>ger\u00e7ekle\u015ftirilmesi do\u011frultusunda grup \u015firketlerine, hissedarlara, tedarik\u00e7ilere, kanunen yetkili kamu kurum<br>ve kurulu\u015flar\u0131 ile kanunen yetkili \u00f6zel hukuk ki\u015filerine www.demirsan.com internet adresinden kamuoyu ile<br>payla\u015f\u0131lm\u0131\u015f olan Demirsan So\u011fuk \u00c7ekme San. Ve Tic. A.\u015e Ki\u015fisel Verilerin Korunmas\u0131 ve \u0130\u015flenmesi<br>Politikas\u0131nda belirtilen ama\u00e7larla s\u0131n\u0131rl\u0131 olarak aktar\u0131labilecektir.) toplanma y\u00f6ntemleri ve hukuki sebepleri,<br>veri sorumlusunun kimli\u011fi ve sahip oldu\u011fum haklar ayr\u0131nt\u0131l\u0131 ve anla\u015f\u0131l\u0131r bir bi\u00e7imde anlat\u0131lm\u0131\u015f ve taraf\u0131mca<br>s\u00f6z konusu bu bilgilendirme metni okunmu\u015ftur.<\/p>\n\n\n\n<p><br>\u0130\u015flenecek ki\u015fisel verilerimin 6698 say\u0131l\u0131 Ki\u015fisel Verilerin Korunmas\u0131 Kanunun 5\/2 a, c, \u00e7, e, f bentlerinde<br>belirtilen \u201ckanunlarda \u00f6ng\u00f6r\u00fclmesi, s\u00f6zle\u015fmenin kurulmas\u0131 veya ifas\u0131, hukuki y\u00fck\u00fcml\u00fcl\u00fc\u011f\u00fcn yerine<br>getirilebilmesi, bir hakk\u0131n tesisi, kurulmas\u0131 veya ifas\u0131, veri sorumlusunun me\u015fru menfaati\u201d kapsam\u0131nda<br>istisna h\u00fck\u00fcmleri uyar\u0131nca i\u015fleniyor olanlar\u0131 hari\u00e7 olmak kayd\u0131yla;<\/p>\n\n\n\n<p><br>\u0130stisna h\u00fck\u00fcmlerine girmeyen ki\u015fisel verilerimin ayd\u0131nlatma metninde yer alan ama\u00e7, konu, kategori,<br>aktar\u0131m, y\u00f6ntem ve hukuki sebep ile s\u0131n\u0131rl\u0131 olmak \u00fczere i\u015flenmesine, belirtilen yerlere aktar\u0131lmas\u0131na bu<br>beyan\u0131m\u0131n t\u00fcm anlam ve sonu\u00e7lar\u0131n\u0131n fark\u0131nda olarak, gelecekteki olas\u0131 sonu\u00e7lar\u0131n\u0131n bilincinde, \u00f6zg\u00fcr<br>iradem ile onayl\u0131yorum.<\/p>","protected":false},"excerpt":{"rendered":"<p>K\u0130\u015e\u0130SEL VER\u0130LER\u0130N \u0130\u015eLENMES\u0130NE \u0130L\u0130\u015eK\u0130N \u00c7ALI\u015eAN ADAY A\u00c7IK RIZA BEYANI Demirsan So\u011fuk \u00c7ekme San. Ve Tic. A.\u015e (\u015eirket olarak an\u0131lacakt\u0131r.) taraf\u0131ndan iletilen ayd\u0131nlatma metni iletaraf\u0131ma, i\u015flenecek ki\u015fisel veri kategorileri, i\u015flenecek \u00f6zel nitelikli ki\u015fisel veriler ve di\u011fer t\u00fcm ki\u015fisel veriler(Ad Soyad, medeni hal, do\u011fum tarihi, do\u011fum yeri, e-posta adresi, ileti\u015fim adresi, cep telefonu numaras\u0131,askerlik durumu, referans bilgileri, [&hellip;]<\/p>\n","protected":false},"author":1,"featured_media":0,"parent":0,"menu_order":0,"comment_status":"closed","ping_status":"closed","template":"","meta":{"footnotes":""},"class_list":["post-302","page","type-page","status-publish","hentry"],"_links":{"self":[{"href":"https:\/\/demirsan.com\/en\/wp-json\/wp\/v2\/pages\/302","targetHints":{"allow":["GET"]}}],"collection":[{"href":"https:\/\/demirsan.com\/en\/wp-json\/wp\/v2\/pages"}],"about":[{"href":"https:\/\/demirsan.com\/en\/wp-json\/wp\/v2\/types\/page"}],"author":[{"embeddable":true,"href":"https:\/\/demirsan.com\/en\/wp-json\/wp\/v2\/users\/1"}],"replies":[{"embeddable":true,"href":"https:\/\/demirsan.com\/en\/wp-json\/wp\/v2\/comments?post=302"}],"version-history":[{"count":1,"href":"https:\/\/demirsan.com\/en\/wp-json\/wp\/v2\/pages\/302\/revisions"}],"predecessor-version":[{"id":303,"href":"https:\/\/demirsan.com\/en\/wp-json\/wp\/v2\/pages\/302\/revisions\/303"}],"wp:attachment":[{"href":"https:\/\/demirsan.com\/en\/wp-json\/wp\/v2\/media?parent=302"}],"curies":[{"name":"wp","href":"https:\/\/api.w.org\/{rel}","templated":true}]}}